{"id":696,"date":"2023-09-21T16:40:04","date_gmt":"2023-09-21T14:40:04","guid":{"rendered":"https:\/\/www.gintleman.info\/politica-de-privacidad\/"},"modified":"2023-11-17T16:01:11","modified_gmt":"2023-11-17T15:01:11","slug":"politica-de-privacidad","status":"publish","type":"page","link":"https:\/\/www.gintleman.info\/es\/politica-de-privacidad\/","title":{"rendered":"Pol\u00edtica de Privacidad"},"content":{"rendered":"\t\t<div data-elementor-type=\"wp-page\" data-elementor-id=\"696\" class=\"elementor elementor-696 elementor-3\" data-elementor-post-type=\"page\">\n\t\t\t\t<div class=\"elementor-element elementor-element-8ca70e6 e-flex e-con-boxed e-con e-parent\" data-id=\"8ca70e6\" data-element_type=\"container\">\n\t\t\t\t\t<div class=\"e-con-inner\">\n\t\t\t\t<div class=\"elementor-element elementor-element-8982472 elementor-widget elementor-widget-text-editor\" data-id=\"8982472\" data-element_type=\"widget\" data-widget_type=\"text-editor.default\">\n\t\t\t\t<div class=\"elementor-widget-container\">\n\t\t\t\t\t\t\t\t\t<h1 style=\"text-align: center;\">Informaci\u00f3n sobre protecci\u00f3n de datos &#8211; Pol\u00edtica de Privacidad<\/h1>\n<h2>Informaci\u00f3n societaria<\/h2>\n<p>Identidad: NOARA MEDITERRANEAN DISTILLERY SL.<\/p>\n<p>NIF: B10600419<br \/>Direcci\u00f3n:<br \/>Ctra. Murcia-Alicante, km. 63<br \/>CP: 03295 Elche, Alicante.<br \/>Tel: 965450955<br \/>Email: info@noaramediterraneandistillery.com<\/p>\n<\/p>\n<h2>\u00bfPara qu\u00e9 usamos los datos?<\/h2>\n<p>La recogida y el tratamiento de datos personales por parte de NOARA Mediterranean Distillery se realizar\u00e1 con las siguientes finalidades, seg\u00fan el supuesto de que se trate:<\/p>\n<p>Para quienes proporcionan datos para obtener m\u00e1s informaci\u00f3n sobre los servicios de NOARA Mediterranean Distillery, los datos ser\u00e1n tratados \u00fanicamente a los efectos de proceder al env\u00edo de la informaci\u00f3n solicitada.<\/p>\n<p>Asimismo, los datos de navegaci\u00f3n y cookies se podr\u00e1n utilizar para la finalidad de mejorar la accesibilidad del usuario y mejorar la navegaci\u00f3n, as\u00ed como con finalidad publicitaria, seg\u00fan lo establecido en la pol\u00edtica de cookies, que es aceptada al inicio de la navegaci\u00f3n.<\/p>\n<p>Tambi\u00e9n es posible la recogida de datos para otras finalidades espec\u00edficas indicadas en cada supuesto concreto, como puede ser la participaci\u00f3n en sorteos, promociones o campa\u00f1as que puedan ser ofrecidas al usuario mediante mail, llamada telef\u00f3nica, SMS o Whatsapp.<\/p>\n<p>NOARA Mediterranean Distillery tambi\u00e9n puede interactuar con los usuarios a trav\u00e9s de sus redes sociales (Facebook, Twitter, Instagram, Linkedin\u2026). Los datos recibidos a trav\u00e9s de las redes ser\u00e1n tratados y almacenados siguiendo esta misma pol\u00edtica de privacidad.<\/p>\n<p>Por \u00faltimo, a trav\u00e9s de esta p\u00e1gina web tambi\u00e9n se podr\u00e1n recibir candidaturas para las posiciones de trabajo abiertas. Los datos recibidos ser\u00e1n tratados \u00fanicamente con la finalidad de valorar las candidaturas y realizar el proceso de selecci\u00f3n.<\/p>\n<h2>Duraci\u00f3n<\/h2>\n<p>Los datos personales proporcionados para la contrataci\u00f3n de servicios ser\u00e1n conservados por NOARA Mediterranean Distillery mientras exista relaci\u00f3n contractual para todo lo relacionado con el servicio a prestar o durante el tiempo que sea necesario para cumplir con las obligaciones legales. La empresa NO tomar\u00e1 decisiones automatizadas.<\/p>\n<p>Los datos ser\u00e1n eliminados en un plazo de 5 a\u00f1os desde la finalizaci\u00f3n de la relaci\u00f3n contractual, a los efectos de dar cumplimiento a la normativa tributaria y sectorial.<\/p>\n<p>Para el resto de los datos personales el plazo de conservaci\u00f3n ser\u00e1 de 2 a\u00f1os desde la recogida del dato y siempre que el titular de los datos no indique lo contrario.<\/p>\n<\/p>\n<h2>Legitimaci\u00f3n<\/h2>\n<p>La base legitimadora del uso de los datos personales es el consentimiento del usuario, ya sea mediante la aceptaci\u00f3n de la pol\u00edtica de cookies o de la pol\u00edtica de privacidad, para la recepci\u00f3n de informaci\u00f3n comercial o la gesti\u00f3n del contrato.<\/p>\n<p>Asimismo, NOARA Mediterranean Distillery est\u00e1 legitimada para el uso de los datos personales para la finalidad para la que se hayan proporcionado, como puede ser la prestaci\u00f3n del servicio, la ejecuci\u00f3n del Contrato y las medidas precontractuales, o la valoraci\u00f3n de una candidatura.<\/p>\n<p>El usuario que acepta la presente pol\u00edtica manifiesta ser mayor de edad y tener plena capacidad para aceptarla, quedando NOARA Mediterranean Distillery exonerada de responsabilidad por la falta de capacidad del aceptante.<\/p>\n<\/p>\n<h2>Cesiones de datos a terceros<\/h2>\n<p>NOARA Mediterranean Distillery podr\u00e1 ceder datos a terceros a los efectos de garantizar la correcta gesti\u00f3n de los contratos.<\/p>\n<p>Dicha cesi\u00f3n podr\u00e1 ser, por ejemplo, a la empresa distribuidora para tramitar el alta del contrato, a un centro de atenci\u00f3n telef\u00f3nica para la gesti\u00f3n de la atenci\u00f3n al cliente, a una empresa de recobros en caso de impago, a ficheros de morosidad.<\/p>\n<p>Todos los terceros cesionarios de datos se encuentran situados en Estados Miembros de la Uni\u00f3n Europea.<\/p>\n<p>Tambi\u00e9n se informa de que los datos podr\u00e1n ser cedidos a Administraciones u organismos judiciales siempre que exista una obligaci\u00f3n legal de enviarlos.<\/p>\n<\/p>\n<h2>Categor\u00eda datos<\/h2>\n<p>Los datos que NOARA Mediterranean Distillery recoger\u00e1 y tratar\u00e1 son:<\/p>\n<p>Nombre<br \/>Tel\u00e9fono<br \/>Email<br \/>Cookies<\/p>\n<\/p>\n<h2>Derechos<\/h2>\n<p>Como usuario puedes ejercer los derechos de acceso, recti\ufb01caci\u00f3n, oposici\u00f3n, supresi\u00f3n, portabilidad y limitaci\u00f3n al tratamiento de sus datos en cualquier momento escribiendo a info@noaramediterraneandistillery.com o dirigi\u00e9ndote mediante carta adjuntando fotocopia de tu DNI u otro documento identificativo a Noara Mediterranean Distillery, , Ctra Murcia-Alicante, km.63, CP 03295 Elche.<\/p>\n<p>En todo caso, tendr\u00e1s derecho a retirar tu consentimiento para el tratamiento de tus datos en cualquier momento, sin que esto afecte a la licitud del tratamiento basada en el consentimiento previo a su retirada o bien a oponerte al mismo, en cuyo caso solo conservaremos tus datos personales para el ejercicio o defensa de posibles reclamaciones.<\/p>\n<p>As\u00ed mismo, tienes derecho a dirigirte a la Autoridad de Control en materia de Protecci\u00f3n de Datos competente para obtener informaci\u00f3n adicional o presentar una reclamaci\u00f3n.<\/p>\n<\/p>\n<h2>Informaci\u00f3n Adicional<\/h2>\n<p>NOARA Mediterranean Distillery aplicar\u00e1 a los datos personales recogidos, las medidas t\u00e9cnicas y organizativas apropiadas para garantizar su seguridad, confidencialidad y disponibilidad de acuerdo al estado de la t\u00e9cnica. Asimismo, y teniendo en cuenta la importancia que para el Usuario tienen sus datos personales, NOARA Mediterranean Distillery se compromete a informarle de cualquier situaci\u00f3n que haya podido poner en peligro la confidencialidad y disponibilidad de sus datos, as\u00ed como a informar a la Agencia Espa\u00f1ola de Protecci\u00f3n de Datos de cualquier quebranto de la seguridad de los datos. Esta obligaci\u00f3n no ser\u00e1 exigible cuando la comunicaci\u00f3n de la incidencia a los Usuarios pueda poner en mayor riesgo los datos de los mismos.<\/p>\n<p>Para cualquier cuesti\u00f3n relacionada con las funciones del Delegado de Protecci\u00f3n de Datos, puedes escribirnos directamente a info@noaramediterraneandistillery.com.<\/p>\n\t\t\t\t\t\t\t\t<\/div>\n\t\t\t\t<\/div>\n\t\t\t\t\t<\/div>\n\t\t\t\t<\/div>\n\t\t\t\t<\/div>\n\t\t","protected":false},"excerpt":{"rendered":"<p>Informaci\u00f3n sobre protecci\u00f3n de datos &#8211; Pol\u00edtica de Privacidad Informaci\u00f3n societaria Identidad: NOARA MEDITERRANEAN DISTILLERY SL. NIF: B10600419Direcci\u00f3n:Ctra. Murcia-Alicante, km. 63CP: 03295 Elche, Alicante.Tel: 965450955Email: info@noaramediterraneandistillery.com \u00bfPara qu\u00e9 usamos los datos? La recogida y el tratamiento de datos personales por parte de NOARA Mediterranean Distillery se realizar\u00e1 con las siguientes finalidades, seg\u00fan el supuesto de [&hellip;]<\/p>\n","protected":false},"author":1,"featured_media":0,"parent":0,"menu_order":0,"comment_status":"closed","ping_status":"closed","template":"","meta":{"footnotes":""},"class_list":["post-696","page","type-page","status-publish","hentry"],"_links":{"self":[{"href":"https:\/\/www.gintleman.info\/es\/wp-json\/wp\/v2\/pages\/696","targetHints":{"allow":["GET"]}}],"collection":[{"href":"https:\/\/www.gintleman.info\/es\/wp-json\/wp\/v2\/pages"}],"about":[{"href":"https:\/\/www.gintleman.info\/es\/wp-json\/wp\/v2\/types\/page"}],"author":[{"embeddable":true,"href":"https:\/\/www.gintleman.info\/es\/wp-json\/wp\/v2\/users\/1"}],"replies":[{"embeddable":true,"href":"https:\/\/www.gintleman.info\/es\/wp-json\/wp\/v2\/comments?post=696"}],"version-history":[{"count":5,"href":"https:\/\/www.gintleman.info\/es\/wp-json\/wp\/v2\/pages\/696\/revisions"}],"predecessor-version":[{"id":924,"href":"https:\/\/www.gintleman.info\/es\/wp-json\/wp\/v2\/pages\/696\/revisions\/924"}],"wp:attachment":[{"href":"https:\/\/www.gintleman.info\/es\/wp-json\/wp\/v2\/media?parent=696"}],"curies":[{"name":"wp","href":"https:\/\/api.w.org\/{rel}","templated":true}]}}